{"id":3,"date":"2020-11-02T05:15:43","date_gmt":"2020-11-02T05:15:43","guid":{"rendered":"https:\/\/qik.nqp.temporary.site\/?page_id=3"},"modified":"2025-07-10T18:25:34","modified_gmt":"2025-07-10T23:25:34","slug":"privacy-policy","status":"publish","type":"page","link":"https:\/\/naaynahilrealestate.com\/es\/privacy-policy\/","title":{"rendered":"Pol\u00edtica de privacidad"},"content":{"rendered":"<p>Naay Nahil Real Estate se compromete a proteger sus datos personales. Recabamos informaci\u00f3n como su nombre, direcci\u00f3n de correo electr\u00f3nico y n\u00famero de tel\u00e9fono a trav\u00e9s de formularios en nuestro sitio web. Estos datos se utilizan \u00fanicamente para responder a sus consultas, brindar los servicios solicitados y enviar actualizaciones ocasionales. No vendemos ni compartimos su informaci\u00f3n personal con terceros, salvo que la ley lo exija. Sus datos est\u00e1n protegidos de conformidad con la <strong>Ley Federal de Protecci\u00f3n de Datos Personales en Posesi\u00f3n de los Particulares (LFPDPPP)<\/strong>.<\/p>\n\n\n\n<p>Puede acceder, corregir o eliminar sus datos personales contact\u00e1ndonos en: <a href=\"mailto:info@naaynahil.mx\">Info@naaynahil.mx<\/a><\/p>","protected":false},"excerpt":{"rendered":"<p>Naay Nahil Real Estate is committed to protecting your personal data. We collect information such as your name, email address, and phone number through forms on our website. This data is used only to respond to your inquiries, provide requested services, and send occasional updates. We do not sell or share your personal information with<\/p>","protected":false},"author":22,"featured_media":0,"parent":0,"menu_order":0,"comment_status":"closed","ping_status":"open","template":"","meta":{"nf_dc_page":"","_rtcl_gb_attr":"","footnotes":""},"class_list":["post-3","page","type-page","status-publish","hentry"],"yoast_head":"<!-- This site is optimized with the Yoast SEO Premium plugin v27.2 (Yoast SEO v27.3) - https:\/\/yoast.com\/product\/yoast-seo-premium-wordpress\/ -->\n<title>Privacy Policy - NAAY NAHIL<\/title>\n<meta name=\"robots\" content=\"index, follow, max-snippet:-1, max-image-preview:large, max-video-preview:-1\" \/>\n<link rel=\"canonical\" href=\"https:\/\/naaynahilrealestate.com\/es\/privacy-policy\/\" \/>\n<meta property=\"og:locale\" content=\"es_MX\" \/>\n<meta property=\"og:type\" content=\"article\" \/>\n<meta property=\"og:title\" content=\"Privacy Policy\" \/>\n<meta property=\"og:description\" content=\"Naay Nahil Real Estate is committed to protecting your personal data. We collect information such as your name, email address, and phone number through forms on our website. This data is used only to respond to your inquiries, provide requested services, and send occasional updates. We do not sell or share your personal information with\" \/>\n<meta property=\"og:url\" content=\"https:\/\/naaynahilrealestate.com\/es\/privacy-policy\/\" \/>\n<meta property=\"og:site_name\" content=\"NAAY NAHIL\" \/>\n<meta property=\"article:modified_time\" content=\"2025-07-10T23:25:34+00:00\" \/>\n<meta name=\"twitter:card\" content=\"summary_large_image\" \/>\n<script type=\"application\/ld+json\" class=\"yoast-schema-graph\">{\"@context\":\"https:\\\/\\\/schema.org\",\"@graph\":[{\"@type\":\"WebPage\",\"@id\":\"https:\\\/\\\/naaynahilrealestate.com\\\/privacy-policy\\\/\",\"url\":\"https:\\\/\\\/naaynahilrealestate.com\\\/privacy-policy\\\/\",\"name\":\"Privacy Policy - NAAY NAHIL\",\"isPartOf\":{\"@id\":\"http:\\\/\\\/naaynahilrealestate.com\\\/en\\\/#website\"},\"datePublished\":\"2020-11-02T05:15:43+00:00\",\"dateModified\":\"2025-07-10T23:25:34+00:00\",\"breadcrumb\":{\"@id\":\"https:\\\/\\\/naaynahilrealestate.com\\\/privacy-policy\\\/#breadcrumb\"},\"inLanguage\":\"es\",\"potentialAction\":[{\"@type\":\"ReadAction\",\"target\":[\"https:\\\/\\\/naaynahilrealestate.com\\\/privacy-policy\\\/\"]}]},{\"@type\":\"BreadcrumbList\",\"@id\":\"https:\\\/\\\/naaynahilrealestate.com\\\/privacy-policy\\\/#breadcrumb\",\"itemListElement\":[{\"@type\":\"ListItem\",\"position\":1,\"name\":\"Home\",\"item\":\"https:\\\/\\\/naaynahilrealestate.com\\\/\"},{\"@type\":\"ListItem\",\"position\":2,\"name\":\"Privacy Policy\"}]},{\"@type\":\"WebSite\",\"@id\":\"http:\\\/\\\/naaynahilrealestate.com\\\/en\\\/#website\",\"url\":\"http:\\\/\\\/naaynahilrealestate.com\\\/en\\\/\",\"name\":\"NAAY NAHIL\",\"description\":\"REALESTATE\",\"publisher\":{\"@id\":\"http:\\\/\\\/naaynahilrealestate.com\\\/en\\\/#organization\"},\"potentialAction\":[{\"@type\":\"SearchAction\",\"target\":{\"@type\":\"EntryPoint\",\"urlTemplate\":\"http:\\\/\\\/naaynahilrealestate.com\\\/en\\\/?s={search_term_string}\"},\"query-input\":{\"@type\":\"PropertyValueSpecification\",\"valueRequired\":true,\"valueName\":\"search_term_string\"}}],\"inLanguage\":\"es\"},{\"@type\":\"Organization\",\"@id\":\"http:\\\/\\\/naaynahilrealestate.com\\\/en\\\/#organization\",\"name\":\"NAAY NAHIL\",\"url\":\"http:\\\/\\\/naaynahilrealestate.com\\\/en\\\/\",\"logo\":{\"@type\":\"ImageObject\",\"inLanguage\":\"es\",\"@id\":\"http:\\\/\\\/naaynahilrealestate.com\\\/en\\\/#\\\/schema\\\/logo\\\/image\\\/\",\"url\":\"https:\\\/\\\/naaynahilrealestate.com\\\/wp-content\\\/uploads\\\/2024\\\/10\\\/naay_nahil_logo_web_sm.png\",\"contentUrl\":\"https:\\\/\\\/naaynahilrealestate.com\\\/wp-content\\\/uploads\\\/2024\\\/10\\\/naay_nahil_logo_web_sm.png\",\"width\":710,\"height\":174,\"caption\":\"NAAY NAHIL\"},\"image\":{\"@id\":\"http:\\\/\\\/naaynahilrealestate.com\\\/en\\\/#\\\/schema\\\/logo\\\/image\\\/\"}}]}<\/script>\n<!-- \/ Yoast SEO Premium plugin. -->","yoast_head_json":{"title":"Privacy Policy - NAAY NAHIL","robots":{"index":"index","follow":"follow","max-snippet":"max-snippet:-1","max-image-preview":"max-image-preview:large","max-video-preview":"max-video-preview:-1"},"canonical":"https:\/\/naaynahilrealestate.com\/es\/privacy-policy\/","og_locale":"es_MX","og_type":"article","og_title":"Privacy Policy","og_description":"Naay Nahil Real Estate is committed to protecting your personal data. We collect information such as your name, email address, and phone number through forms on our website. This data is used only to respond to your inquiries, provide requested services, and send occasional updates. We do not sell or share your personal information with","og_url":"https:\/\/naaynahilrealestate.com\/es\/privacy-policy\/","og_site_name":"NAAY NAHIL","article_modified_time":"2025-07-10T23:25:34+00:00","twitter_card":"summary_large_image","schema":{"@context":"https:\/\/schema.org","@graph":[{"@type":"WebPage","@id":"https:\/\/naaynahilrealestate.com\/privacy-policy\/","url":"https:\/\/naaynahilrealestate.com\/privacy-policy\/","name":"Privacy Policy - NAAY NAHIL","isPartOf":{"@id":"http:\/\/naaynahilrealestate.com\/en\/#website"},"datePublished":"2020-11-02T05:15:43+00:00","dateModified":"2025-07-10T23:25:34+00:00","breadcrumb":{"@id":"https:\/\/naaynahilrealestate.com\/privacy-policy\/#breadcrumb"},"inLanguage":"es","potentialAction":[{"@type":"ReadAction","target":["https:\/\/naaynahilrealestate.com\/privacy-policy\/"]}]},{"@type":"BreadcrumbList","@id":"https:\/\/naaynahilrealestate.com\/privacy-policy\/#breadcrumb","itemListElement":[{"@type":"ListItem","position":1,"name":"Home","item":"https:\/\/naaynahilrealestate.com\/"},{"@type":"ListItem","position":2,"name":"Privacy Policy"}]},{"@type":"WebSite","@id":"http:\/\/naaynahilrealestate.com\/en\/#website","url":"http:\/\/naaynahilrealestate.com\/en\/","name":"NAAY NAHIL","description":"REALESTATE","publisher":{"@id":"http:\/\/naaynahilrealestate.com\/en\/#organization"},"potentialAction":[{"@type":"SearchAction","target":{"@type":"EntryPoint","urlTemplate":"http:\/\/naaynahilrealestate.com\/en\/?s={search_term_string}"},"query-input":{"@type":"PropertyValueSpecification","valueRequired":true,"valueName":"search_term_string"}}],"inLanguage":"es"},{"@type":"Organization","@id":"http:\/\/naaynahilrealestate.com\/en\/#organization","name":"NAAY NAHIL","url":"http:\/\/naaynahilrealestate.com\/en\/","logo":{"@type":"ImageObject","inLanguage":"es","@id":"http:\/\/naaynahilrealestate.com\/en\/#\/schema\/logo\/image\/","url":"https:\/\/naaynahilrealestate.com\/wp-content\/uploads\/2024\/10\/naay_nahil_logo_web_sm.png","contentUrl":"https:\/\/naaynahilrealestate.com\/wp-content\/uploads\/2024\/10\/naay_nahil_logo_web_sm.png","width":710,"height":174,"caption":"NAAY NAHIL"},"image":{"@id":"http:\/\/naaynahilrealestate.com\/en\/#\/schema\/logo\/image\/"}}]}},"_links":{"self":[{"href":"https:\/\/naaynahilrealestate.com\/es\/wp-json\/wp\/v2\/pages\/3","targetHints":{"allow":["GET"]}}],"collection":[{"href":"https:\/\/naaynahilrealestate.com\/es\/wp-json\/wp\/v2\/pages"}],"about":[{"href":"https:\/\/naaynahilrealestate.com\/es\/wp-json\/wp\/v2\/types\/page"}],"author":[{"embeddable":true,"href":"https:\/\/naaynahilrealestate.com\/es\/wp-json\/wp\/v2\/users\/22"}],"replies":[{"embeddable":true,"href":"https:\/\/naaynahilrealestate.com\/es\/wp-json\/wp\/v2\/comments?post=3"}],"version-history":[{"count":1,"href":"https:\/\/naaynahilrealestate.com\/es\/wp-json\/wp\/v2\/pages\/3\/revisions"}],"predecessor-version":[{"id":20831,"href":"https:\/\/naaynahilrealestate.com\/es\/wp-json\/wp\/v2\/pages\/3\/revisions\/20831"}],"wp:attachment":[{"href":"https:\/\/naaynahilrealestate.com\/es\/wp-json\/wp\/v2\/media?parent=3"}],"curies":[{"name":"wp","href":"https:\/\/api.w.org\/{rel}","templated":true}]}}