{"id":20829,"date":"2025-07-10T18:26:18","date_gmt":"2025-07-10T23:26:18","guid":{"rendered":"https:\/\/naaynahilrealestate.com\/?page_id=20829"},"modified":"2025-07-10T18:26:21","modified_gmt":"2025-07-10T23:26:21","slug":"terms-of-use","status":"publish","type":"page","link":"https:\/\/naaynahilrealestate.com\/es\/terms-of-use\/","title":{"rendered":"Terms of use"},"content":{"rendered":"<p>Al acceder a este sitio web, usted acepta utilizarlo conforme a todas las leyes aplicables y de manera que no vulnere los derechos ni restrinja el uso del sitio por parte de terceros. Todos los anuncios de propiedades, los precios y la disponibilidad est\u00e1n sujetos a cambios sin previo aviso. El contenido se proporciona \u00fanicamente con fines informativos y no constituye asesor\u00eda legal, financiera ni de inversi\u00f3n. Todo el contenido, incluidos logotipos, im\u00e1genes y textos, es propiedad de Naay Nahil Real Estate, salvo que se indique lo contrario.<\/p>","protected":false},"excerpt":{"rendered":"<p>By accessing this website, you agree to use it in accordance with all applicable laws and in a manner that does not infringe upon the rights or restrict the use of the website by others. All property listings, prices, and availability are subject to change without notice. The content is provided for informational purposes only<\/p>","protected":false},"author":22,"featured_media":0,"parent":0,"menu_order":0,"comment_status":"closed","ping_status":"closed","template":"","meta":{"nf_dc_page":"","_rtcl_gb_attr":"","footnotes":""},"class_list":["post-20829","page","type-page","status-publish","hentry"],"yoast_head":"<!-- This site is optimized with the Yoast SEO Premium plugin v27.2 (Yoast SEO v27.3) - https:\/\/yoast.com\/product\/yoast-seo-premium-wordpress\/ -->\n<title>Terms of use - NAAY NAHIL<\/title>\n<meta name=\"robots\" content=\"index, follow, max-snippet:-1, max-image-preview:large, max-video-preview:-1\" \/>\n<link rel=\"canonical\" href=\"https:\/\/naaynahilrealestate.com\/es\/terms-of-use\/\" \/>\n<meta property=\"og:locale\" content=\"es_MX\" \/>\n<meta property=\"og:type\" content=\"article\" \/>\n<meta property=\"og:title\" content=\"Terms of use\" \/>\n<meta property=\"og:description\" content=\"By accessing this website, you agree to use it in accordance with all applicable laws and in a manner that does not infringe upon the rights or restrict the use of the website by others. All property listings, prices, and availability are subject to change without notice. The content is provided for informational purposes only\" \/>\n<meta property=\"og:url\" content=\"https:\/\/naaynahilrealestate.com\/es\/terms-of-use\/\" \/>\n<meta property=\"og:site_name\" content=\"NAAY NAHIL\" \/>\n<meta property=\"article:modified_time\" content=\"2025-07-10T23:26:21+00:00\" \/>\n<meta name=\"twitter:card\" content=\"summary_large_image\" \/>\n<script type=\"application\/ld+json\" class=\"yoast-schema-graph\">{\"@context\":\"https:\\\/\\\/schema.org\",\"@graph\":[{\"@type\":\"WebPage\",\"@id\":\"https:\\\/\\\/naaynahilrealestate.com\\\/terms-of-use\\\/\",\"url\":\"https:\\\/\\\/naaynahilrealestate.com\\\/terms-of-use\\\/\",\"name\":\"Terms of use - NAAY NAHIL\",\"isPartOf\":{\"@id\":\"http:\\\/\\\/naaynahilrealestate.com\\\/en\\\/#website\"},\"datePublished\":\"2025-07-10T23:26:18+00:00\",\"dateModified\":\"2025-07-10T23:26:21+00:00\",\"breadcrumb\":{\"@id\":\"https:\\\/\\\/naaynahilrealestate.com\\\/terms-of-use\\\/#breadcrumb\"},\"inLanguage\":\"es\",\"potentialAction\":[{\"@type\":\"ReadAction\",\"target\":[\"https:\\\/\\\/naaynahilrealestate.com\\\/terms-of-use\\\/\"]}]},{\"@type\":\"BreadcrumbList\",\"@id\":\"https:\\\/\\\/naaynahilrealestate.com\\\/terms-of-use\\\/#breadcrumb\",\"itemListElement\":[{\"@type\":\"ListItem\",\"position\":1,\"name\":\"Home\",\"item\":\"https:\\\/\\\/naaynahilrealestate.com\\\/\"},{\"@type\":\"ListItem\",\"position\":2,\"name\":\"Terms of use\"}]},{\"@type\":\"WebSite\",\"@id\":\"http:\\\/\\\/naaynahilrealestate.com\\\/en\\\/#website\",\"url\":\"http:\\\/\\\/naaynahilrealestate.com\\\/en\\\/\",\"name\":\"NAAY NAHIL\",\"description\":\"REALESTATE\",\"publisher\":{\"@id\":\"http:\\\/\\\/naaynahilrealestate.com\\\/en\\\/#organization\"},\"potentialAction\":[{\"@type\":\"SearchAction\",\"target\":{\"@type\":\"EntryPoint\",\"urlTemplate\":\"http:\\\/\\\/naaynahilrealestate.com\\\/en\\\/?s={search_term_string}\"},\"query-input\":{\"@type\":\"PropertyValueSpecification\",\"valueRequired\":true,\"valueName\":\"search_term_string\"}}],\"inLanguage\":\"es\"},{\"@type\":\"Organization\",\"@id\":\"http:\\\/\\\/naaynahilrealestate.com\\\/en\\\/#organization\",\"name\":\"NAAY NAHIL\",\"url\":\"http:\\\/\\\/naaynahilrealestate.com\\\/en\\\/\",\"logo\":{\"@type\":\"ImageObject\",\"inLanguage\":\"es\",\"@id\":\"http:\\\/\\\/naaynahilrealestate.com\\\/en\\\/#\\\/schema\\\/logo\\\/image\\\/\",\"url\":\"https:\\\/\\\/naaynahilrealestate.com\\\/wp-content\\\/uploads\\\/2024\\\/10\\\/naay_nahil_logo_web_sm.png\",\"contentUrl\":\"https:\\\/\\\/naaynahilrealestate.com\\\/wp-content\\\/uploads\\\/2024\\\/10\\\/naay_nahil_logo_web_sm.png\",\"width\":710,\"height\":174,\"caption\":\"NAAY NAHIL\"},\"image\":{\"@id\":\"http:\\\/\\\/naaynahilrealestate.com\\\/en\\\/#\\\/schema\\\/logo\\\/image\\\/\"}}]}<\/script>\n<!-- \/ Yoast SEO Premium plugin. -->","yoast_head_json":{"title":"Terms of use - NAAY NAHIL","robots":{"index":"index","follow":"follow","max-snippet":"max-snippet:-1","max-image-preview":"max-image-preview:large","max-video-preview":"max-video-preview:-1"},"canonical":"https:\/\/naaynahilrealestate.com\/es\/terms-of-use\/","og_locale":"es_MX","og_type":"article","og_title":"Terms of use","og_description":"By accessing this website, you agree to use it in accordance with all applicable laws and in a manner that does not infringe upon the rights or restrict the use of the website by others. All property listings, prices, and availability are subject to change without notice. The content is provided for informational purposes only","og_url":"https:\/\/naaynahilrealestate.com\/es\/terms-of-use\/","og_site_name":"NAAY NAHIL","article_modified_time":"2025-07-10T23:26:21+00:00","twitter_card":"summary_large_image","schema":{"@context":"https:\/\/schema.org","@graph":[{"@type":"WebPage","@id":"https:\/\/naaynahilrealestate.com\/terms-of-use\/","url":"https:\/\/naaynahilrealestate.com\/terms-of-use\/","name":"Terms of use - NAAY NAHIL","isPartOf":{"@id":"http:\/\/naaynahilrealestate.com\/en\/#website"},"datePublished":"2025-07-10T23:26:18+00:00","dateModified":"2025-07-10T23:26:21+00:00","breadcrumb":{"@id":"https:\/\/naaynahilrealestate.com\/terms-of-use\/#breadcrumb"},"inLanguage":"es","potentialAction":[{"@type":"ReadAction","target":["https:\/\/naaynahilrealestate.com\/terms-of-use\/"]}]},{"@type":"BreadcrumbList","@id":"https:\/\/naaynahilrealestate.com\/terms-of-use\/#breadcrumb","itemListElement":[{"@type":"ListItem","position":1,"name":"Home","item":"https:\/\/naaynahilrealestate.com\/"},{"@type":"ListItem","position":2,"name":"Terms of use"}]},{"@type":"WebSite","@id":"http:\/\/naaynahilrealestate.com\/en\/#website","url":"http:\/\/naaynahilrealestate.com\/en\/","name":"NAAY NAHIL","description":"REALESTATE","publisher":{"@id":"http:\/\/naaynahilrealestate.com\/en\/#organization"},"potentialAction":[{"@type":"SearchAction","target":{"@type":"EntryPoint","urlTemplate":"http:\/\/naaynahilrealestate.com\/en\/?s={search_term_string}"},"query-input":{"@type":"PropertyValueSpecification","valueRequired":true,"valueName":"search_term_string"}}],"inLanguage":"es"},{"@type":"Organization","@id":"http:\/\/naaynahilrealestate.com\/en\/#organization","name":"NAAY NAHIL","url":"http:\/\/naaynahilrealestate.com\/en\/","logo":{"@type":"ImageObject","inLanguage":"es","@id":"http:\/\/naaynahilrealestate.com\/en\/#\/schema\/logo\/image\/","url":"https:\/\/naaynahilrealestate.com\/wp-content\/uploads\/2024\/10\/naay_nahil_logo_web_sm.png","contentUrl":"https:\/\/naaynahilrealestate.com\/wp-content\/uploads\/2024\/10\/naay_nahil_logo_web_sm.png","width":710,"height":174,"caption":"NAAY NAHIL"},"image":{"@id":"http:\/\/naaynahilrealestate.com\/en\/#\/schema\/logo\/image\/"}}]}},"_links":{"self":[{"href":"https:\/\/naaynahilrealestate.com\/es\/wp-json\/wp\/v2\/pages\/20829","targetHints":{"allow":["GET"]}}],"collection":[{"href":"https:\/\/naaynahilrealestate.com\/es\/wp-json\/wp\/v2\/pages"}],"about":[{"href":"https:\/\/naaynahilrealestate.com\/es\/wp-json\/wp\/v2\/types\/page"}],"author":[{"embeddable":true,"href":"https:\/\/naaynahilrealestate.com\/es\/wp-json\/wp\/v2\/users\/22"}],"replies":[{"embeddable":true,"href":"https:\/\/naaynahilrealestate.com\/es\/wp-json\/wp\/v2\/comments?post=20829"}],"version-history":[{"count":2,"href":"https:\/\/naaynahilrealestate.com\/es\/wp-json\/wp\/v2\/pages\/20829\/revisions"}],"predecessor-version":[{"id":20832,"href":"https:\/\/naaynahilrealestate.com\/es\/wp-json\/wp\/v2\/pages\/20829\/revisions\/20832"}],"wp:attachment":[{"href":"https:\/\/naaynahilrealestate.com\/es\/wp-json\/wp\/v2\/media?parent=20829"}],"curies":[{"name":"wp","href":"https:\/\/api.w.org\/{rel}","templated":true}]}}